{"id":2,"date":"2019-06-12T23:11:22","date_gmt":"2019-06-13T02:11:22","guid":{"rendered":"http:\/\/credfast.com.br\/?page_id=2"},"modified":"2019-06-13T01:40:49","modified_gmt":"2019-06-13T04:40:49","slug":"pagina-exemplo","status":"publish","type":"page","link":"https:\/\/credfast.com.br\/","title":{"rendered":"In\u00edcio"},"content":{"rendered":"<div id='full_slider_1' class='avia-fullwidth-slider main_color avia-shadow   avia-builder-el-0  el_before_av_textblock  avia-builder-el-first  container_wrap fullsize' style=' '  ><div  data-size='featured'  data-lightbox_size='large'  data-animation='slide'  data-conditional_play=''  data-ids='23'  data-video_counter='0'  data-autoplay='false'  data-bg_slider='false'  data-slide_height=''  data-handle='av_slideshow_full'  data-interval='5'  data-class=' '  data-css_id=''  data-scroll_down=''  data-control_layout='av-control-default'  data-custom_markup=''  data-perma_caption=''  data-autoplay_stopper=''  data-image_attachment=''  data-min_height='0px'  data-src=''  data-position='top left'  data-repeat='no-repeat'  data-attach='scroll'  data-stretch=''  data-default-height='28.6666666667'  class='avia-slideshow avia-slideshow-1  av-control-default av-default-height-applied avia-slideshow-featured av_slideshow_full   avia-slide-slider '  itemprop=\"ImageObject\" itemscope=\"itemscope\" itemtype=\"https:\/\/schema.org\/ImageObject\" ><ul class='avia-slideshow-inner ' style='padding-bottom: 28.6666666667%;' ><li  class=' av-single-slide slide-1 ' ><div data-rel='slideshow-1' class='avia-slide-wrap '   ><img src='https:\/\/credfast.com.br\/wp-content\/uploads\/2019\/06\/png-e1560398282188-1500x430.png' width='1500' height='430' title='png' alt=''  itemprop=\"thumbnailUrl\"   \/><\/div><\/li><\/ul><\/div><\/div><div id='after_full_slider_1' class='main_color av_default_container_wrap container_wrap fullsize' style=' '  ><div class='container' ><div class='template-page content  av-content-full alpha units'><div class='post-entry post-entry-type-page post-entry-2'><div class='entry-content-wrapper clearfix'>\n<section class=\"av_textblock_section \"  itemscope=\"itemscope\" itemtype=\"https:\/\/schema.org\/CreativeWork\" ><div class='avia_textblock  '  style='font-size:40px; '  itemprop=\"text\" ><h1 style=\"text-align: center;\"><strong>ASSESSORIA NA CONTRATA\u00c7\u00c3O DE FINANCIAMENTOS IMOBILI\u00c1RIOS<\/strong><\/h1>\n<\/div><\/section>\n<\/div><\/div><\/div><!-- close content main div --><\/div><\/div><div id='av_section_1' class='avia-section main_color avia-section-default avia-no-border-styling avia-bg-style-fixed  avia-builder-el-2  el_after_av_textblock  el_before_av_textblock   av-minimum-height av-minimum-height-custom container_wrap fullsize' style='background-color: #d6d6d6; background-repeat: no-repeat; background-image: url(https:\/\/credfast.com.br\/wp-content\/uploads\/2019\/06\/misso-01-2-large.png);background-attachment: fixed; background-position: center center;  '  data-section-bg-repeat='no-repeat'><div class='container' style='height:300px'><div class='template-page content  av-content-full alpha units'><div class='post-entry post-entry-type-page post-entry-2'><div class='entry-content-wrapper clearfix'>\n<\/div><\/div><\/div><!-- close content main div --><\/div><\/div><div id='after_section_1' class='main_color av_default_container_wrap container_wrap fullsize' style=' '  ><div class='container' ><div class='template-page content  av-content-full alpha units'><div class='post-entry post-entry-type-page post-entry-2'><div class='entry-content-wrapper clearfix'><section class=\"av_textblock_section \"  itemscope=\"itemscope\" itemtype=\"https:\/\/schema.org\/CreativeWork\" ><div class='avia_textblock  '  style='font-size:14px; '  itemprop=\"text\" ><p><span class=\"Apple-style-span\">A CredFast \u00e9 uma empresa focada na contrata\u00e7\u00e3o de cr\u00e9dito imobili\u00e1rio, buscamos as melhores alternativas e condi\u00e7\u00f5es para que nosso cliente realize um bom neg\u00f3cio. Assessoramos nossos clientes na utiliza\u00e7\u00e3o de financiamentos e cons\u00f3rcios junto aos principais bancos do mercado.<\/span><\/p>\n<p>Analisando o perfil, necessidades e condi\u00e7\u00f5es dos proponentes compradores sugerimos as melhores alternativas para a contrata\u00e7\u00e3o sempre visando o menor custo financeiro e agilidade para recebimento e quita\u00e7\u00e3o do im\u00f3vel. Nosso principal objetivo \u00e9, estarmos sempre comprometidos na busca da satisfa\u00e7\u00e3o, agilidade e dedica\u00e7\u00e3o ao cliente, resultando sempre no melhor custo-benef\u00edcio oferecido no mercado.<\/p>\n<p>Entendemos que mais do que nunca este \u00e9 o momento de oferecermos ao nosso cliente, toda nossa expertise e qualidade em atendimento, criando uma atmosfera produtiva que permita a aplica\u00e7\u00e3o de recursos humanos e materiais na busca dos melhores resultados.<\/p>\n<\/div><\/section><\/p>\n<div class=\"flex_column av_one_fourth  flex_column_div av-zero-column-padding first  avia-builder-el-4  el_after_av_textblock  el_before_av_one_fourth  column-top-margin\" style='border-width:1px; border-color:#c4c4c4; border-style:solid; border-radius:1; '><section class=\"av_textblock_section \"  itemscope=\"itemscope\" itemtype=\"https:\/\/schema.org\/CreativeWork\" ><div class='avia_textblock  '   itemprop=\"text\" ><p style=\"text-align: center;\"><strong>An\u00e1lise e Aprova\u00e7\u00e3o de Cr\u00e9dito<\/strong><\/p>\n<\/div><\/section><br \/>\n<div class='avia-image-container  av-styling-    avia-builder-el-6  el_after_av_textblock  avia-builder-el-last  avia-align-center '  itemprop=\"ImageObject\" itemscope=\"itemscope\" itemtype=\"https:\/\/schema.org\/ImageObject\"  ><div class='avia-image-container-inner'><div class='avia-image-overlay-wrap'><img class='avia_image' src='https:\/\/credfast.com.br\/wp-content\/uploads\/2019\/06\/Captura-de-Tela-2013-08-27-\u00e0s-03.08.04.png' alt='' title='Captura de Tela 2013-08-27 \u00e0s 03.08.04' height=\"110\" width=\"78\"  itemprop=\"thumbnailUrl\"  \/><\/div><\/div><\/div><\/p><\/div>\n<div class=\"flex_column av_one_fourth  flex_column_div av-zero-column-padding   avia-builder-el-7  el_after_av_one_fourth  el_before_av_one_fourth  column-top-margin\" style='border-width:1px; border-color:#c4c4c4; border-style:solid; border-radius:0px; '><section class=\"av_textblock_section \"  itemscope=\"itemscope\" itemtype=\"https:\/\/schema.org\/CreativeWork\" ><div class='avia_textblock  '   itemprop=\"text\" ><p style=\"text-align: center;\"><strong>Financiamentos Imobili\u00e1rios<\/strong><\/p>\n<\/div><\/section><br \/>\n<div class='avia-image-container  av-styling-    avia-builder-el-9  el_after_av_textblock  avia-builder-el-last  avia-align-center '  itemprop=\"ImageObject\" itemscope=\"itemscope\" itemtype=\"https:\/\/schema.org\/ImageObject\"  ><div class='avia-image-container-inner'><div class='avia-image-overlay-wrap'><img class='avia_image' src='https:\/\/credfast.com.br\/wp-content\/uploads\/2019\/06\/Mortgage-Calculator-e1297909671227.jpg' alt='' title='Mortgage-Calculator-e1297909671227' height=\"110\" width=\"166\"  itemprop=\"thumbnailUrl\"  \/><\/div><\/div><\/div><\/p><\/div><div class=\"flex_column av_one_fourth  flex_column_div av-zero-column-padding   avia-builder-el-10  el_after_av_one_fourth  el_before_av_one_fourth  column-top-margin\" style='border-width:1px; border-color:#c4c4c4; border-style:solid; border-radius:0px; '><section class=\"av_textblock_section \"  itemscope=\"itemscope\" itemtype=\"https:\/\/schema.org\/CreativeWork\" ><div class='avia_textblock  '   itemprop=\"text\" ><p style=\"text-align: center;\"><strong>Avalia\u00e7\u00e3o de Im\u00f3veis<\/strong><\/p>\n<\/div><\/section><br \/>\n<div class='avia-image-container  av-styling-    avia-builder-el-12  el_after_av_textblock  avia-builder-el-last  avia-align-center '  itemprop=\"ImageObject\" itemscope=\"itemscope\" itemtype=\"https:\/\/schema.org\/ImageObject\"  ><div class='avia-image-container-inner'><div class='avia-image-overlay-wrap'><img class='avia_image' src='https:\/\/credfast.com.br\/wp-content\/uploads\/2019\/06\/1212-80605457-2.jpg' alt='Avalia\u00e7\u00e3o de Im\u00f3vel' title='Avalia\u00e7\u00e3o de Im\u00f3vel' height=\"109\" width=\"143\"  itemprop=\"thumbnailUrl\"  \/><\/div><\/div><\/div><\/p><\/div><div class=\"flex_column av_one_fourth  flex_column_div av-zero-column-padding   avia-builder-el-13  el_after_av_one_fourth  el_before_av_one_fifth  column-top-margin\" style='border-width:1px; border-color:#c4c4c4; border-style:solid; border-radius:0px; '><section class=\"av_textblock_section \"  itemscope=\"itemscope\" itemtype=\"https:\/\/schema.org\/CreativeWork\" ><div class='avia_textblock  '   itemprop=\"text\" ><p style=\"text-align: center;\"><strong>Cons\u00f3rcios<\/strong><\/p>\n<\/div><\/section><br \/>\n<div class='avia-image-container  av-styling-    avia-builder-el-15  el_after_av_textblock  avia-builder-el-last  avia-align-center '  itemprop=\"ImageObject\" itemscope=\"itemscope\" itemtype=\"https:\/\/schema.org\/ImageObject\"  ><div class='avia-image-container-inner'><div class='avia-image-overlay-wrap'><img class='avia_image' src='https:\/\/credfast.com.br\/wp-content\/uploads\/2019\/06\/1330632804_324665790_3-Consorcio-Servopa-Curitiba-Casa-Moto-Carros-Curitiba-3.jpg' alt='' title='1330632804_324665790_3-Consorcio-Servopa-Curitiba-Casa-Moto-Carros-Curitiba-3' height=\"109\" width=\"148\"  itemprop=\"thumbnailUrl\"  \/><\/div><\/div><\/div><\/p><\/div><div class=\"flex_column av_one_fifth  flex_column_div av-zero-column-padding first  avia-builder-el-16  el_after_av_one_fourth  el_before_av_one_fifth  column-top-margin\" style='border-width:1px; border-color:#c4c4c4; border-style:solid; border-radius:0px; '><section class=\"av_textblock_section \"  itemscope=\"itemscope\" itemtype=\"https:\/\/schema.org\/CreativeWork\" ><div class='avia_textblock  '   itemprop=\"text\" ><p style=\"text-align: center;\"><strong>Simuladores<\/strong><\/p>\n<\/div><\/section><br \/>\n<div class='avia-image-container  av-styling-    avia-builder-el-18  el_after_av_textblock  avia-builder-el-last  avia-align-center '  itemprop=\"ImageObject\" itemscope=\"itemscope\" itemtype=\"https:\/\/schema.org\/ImageObject\"  ><div class='avia-image-container-inner'><div class='avia-image-overlay-wrap'><img class='avia_image' src='https:\/\/credfast.com.br\/wp-content\/uploads\/2019\/06\/calculatorr.jpg' alt='' title='Calculadora' height=\"99\" width=\"149\"  itemprop=\"thumbnailUrl\"  \/><\/div><\/div><\/div><\/p><\/div><\/p>\n<div class=\"flex_column av_one_fifth  flex_column_div av-zero-column-padding   avia-builder-el-19  el_after_av_one_fifth  el_before_av_one_fifth  column-top-margin\" style='border-width:1px; border-color:#c4c4c4; border-style:solid; border-radius:0px; '><section class=\"av_textblock_section \"  itemscope=\"itemscope\" itemtype=\"https:\/\/schema.org\/CreativeWork\" ><div class='avia_textblock  '   itemprop=\"text\" ><p style=\"text-align: center;\"><strong>Cr\u00e9dito Consignado<\/strong><\/p>\n<\/div><\/section><br \/>\n<div class='avia-image-container  av-styling-    avia-builder-el-21  el_after_av_textblock  avia-builder-el-last  avia-align-center '  itemprop=\"ImageObject\" itemscope=\"itemscope\" itemtype=\"https:\/\/schema.org\/ImageObject\"  ><div class='avia-image-container-inner'><div class='avia-image-overlay-wrap'><img class='avia_image' src='https:\/\/credfast.com.br\/wp-content\/uploads\/2019\/06\/dinheiro.gif' alt='' title='dinheiro' height=\"100\" width=\"135\"  itemprop=\"thumbnailUrl\"  \/><\/div><\/div><\/div><\/p><\/div>\n<div class=\"flex_column av_one_fifth  flex_column_div av-zero-column-padding   avia-builder-el-22  el_after_av_one_fifth  el_before_av_one_fifth  column-top-margin\" style='border-width:1px; border-color:#c4c4c4; border-style:solid; border-radius:0px; '><section class=\"av_textblock_section \"  itemscope=\"itemscope\" itemtype=\"https:\/\/schema.org\/CreativeWork\" ><div class='avia_textblock  '   itemprop=\"text\" ><p style=\"text-align: center;\"><strong>Cr\u00e9dito com Garantia<\/strong><\/p>\n<\/div><\/section><br \/>\n<div class='avia-image-container  av-styling-    avia-builder-el-24  el_after_av_textblock  avia-builder-el-last  avia-align-center '  itemprop=\"ImageObject\" itemscope=\"itemscope\" itemtype=\"https:\/\/schema.org\/ImageObject\"  ><div class='avia-image-container-inner'><div class='avia-image-overlay-wrap'><img class='avia_image' src='https:\/\/credfast.com.br\/wp-content\/uploads\/2019\/06\/refinanciamentoimobiliario-80x80.jpg' alt='' title='refinanciamentoimobiliario' height=\"80\" width=\"80\"  itemprop=\"thumbnailUrl\"  \/><\/div><\/div><\/div><\/p><\/div>\n<div class=\"flex_column av_one_fifth  flex_column_div av-zero-column-padding   avia-builder-el-25  el_after_av_one_fifth  el_before_av_one_fifth  column-top-margin\" style='border-width:1px; border-color:#c4c4c4; border-style:solid; border-radius:0px; '><section class=\"av_textblock_section \"  itemscope=\"itemscope\" itemtype=\"https:\/\/schema.org\/CreativeWork\" ><div class='avia_textblock  '   itemprop=\"text\" ><p style=\"text-align: center;\"><strong>Portabilidade<\/strong><\/p>\n<\/div><\/section><br \/>\n<div class='avia-image-container  av-styling-    avia-builder-el-27  el_after_av_textblock  avia-builder-el-last  avia-align-center '  itemprop=\"ImageObject\" itemscope=\"itemscope\" itemtype=\"https:\/\/schema.org\/ImageObject\"  ><div class='avia-image-container-inner'><div class='avia-image-overlay-wrap'><img class='avia_image' src='https:\/\/credfast.com.br\/wp-content\/uploads\/2019\/06\/imoveis-imoveis-casa-apartamento-w42v321152011-f73.jpg' alt='' title='imoveis-imoveis-casa-apartamento-w42v321152011-f73' height=\"99\" width=\"99\"  itemprop=\"thumbnailUrl\"  \/><\/div><\/div><\/div><\/p><\/div>\n<div class=\"flex_column av_one_fifth  flex_column_div av-zero-column-padding   avia-builder-el-28  el_after_av_one_fifth  el_before_av_one_third  column-top-margin\" style='border-width:1px; border-color:#c4c4c4; border-style:solid; border-radius:0px; '><section class=\"av_textblock_section \"  itemscope=\"itemscope\" itemtype=\"https:\/\/schema.org\/CreativeWork\" ><div class='avia_textblock  '   itemprop=\"text\" ><p style=\"text-align: center;\"><strong>Busca de Certid\u00f5es<\/strong><\/p>\n<\/div><\/section><br \/>\n<div class='avia-image-container  av-styling-    avia-builder-el-30  el_after_av_textblock  avia-builder-el-last  avia-align-center '  itemprop=\"ImageObject\" itemscope=\"itemscope\" itemtype=\"https:\/\/schema.org\/ImageObject\"  ><div class='avia-image-container-inner'><div class='avia-image-overlay-wrap'><img class='avia_image' src='https:\/\/credfast.com.br\/wp-content\/uploads\/2019\/06\/87326928.jpg' alt='' title='87326928' height=\"99\" width=\"96\"  itemprop=\"thumbnailUrl\"  \/><\/div><\/div><\/div><\/p><\/div>\n<div class=\"flex_column av_one_third  flex_column_div av-zero-column-padding first  avia-builder-el-31  el_after_av_one_fifth  el_before_av_two_third  column-top-margin\" style='border-radius:0px; '><div class='avia-image-container  av-styling-    avia-builder-el-32  avia-builder-el-no-sibling  avia-align-center '  itemprop=\"ImageObject\" itemscope=\"itemscope\" itemtype=\"https:\/\/schema.org\/ImageObject\"  ><div class='avia-image-container-inner'><div class='avia-image-overlay-wrap'><img class='avia_image' src='https:\/\/credfast.com.br\/wp-content\/uploads\/2019\/06\/minhca-casa-minha-vida-2013-2.png' alt='' title='minhca-casa-minha-vida-2013-2' height=\"164\" width=\"168\"  itemprop=\"thumbnailUrl\"  \/><\/div><\/div><\/div><\/div>\n<div class=\"flex_column av_two_third  flex_column_div av-zero-column-padding   avia-builder-el-33  el_after_av_one_third  avia-builder-el-last  column-top-margin\" style='border-radius:0px; '><section class=\"av_textblock_section \"  itemscope=\"itemscope\" itemtype=\"https:\/\/schema.org\/CreativeWork\" ><div class='avia_textblock  '   itemprop=\"text\" ><h2 style=\"text-align: left;\"><strong>Programa do Governo Federal Minha Casa Minha Vida<\/strong><\/h2>\n<\/div><\/section><br \/>\n<section class=\"av_textblock_section \"  itemscope=\"itemscope\" itemtype=\"https:\/\/schema.org\/CreativeWork\" ><div class='avia_textblock  '   itemprop=\"text\" ><h3>Conhe\u00e7a e participe voc\u00ea tamb\u00e9m do maior programa habitacional j\u00e1 realizado pelo governo federal, o Minha Casa Minha Vida. Somos correspondentes autorizados e j\u00e1 efetivamos mais de 500 assinaturas dentro do Minha Casa Minha Vida.<\/h3>\n<h3>Entre em contato e seja beneficiado com subs\u00eddio de at\u00e9 17 mil e taxas reduzidas.<\/h3>\n<\/div><\/section><\/p><\/div>\n","protected":false},"excerpt":{"rendered":"","protected":false},"author":1,"featured_media":0,"parent":0,"menu_order":0,"comment_status":"closed","ping_status":"open","template":"","meta":[],"_links":{"self":[{"href":"https:\/\/credfast.com.br\/index.php\/wp-json\/wp\/v2\/pages\/2"}],"collection":[{"href":"https:\/\/credfast.com.br\/index.php\/wp-json\/wp\/v2\/pages"}],"about":[{"href":"https:\/\/credfast.com.br\/index.php\/wp-json\/wp\/v2\/types\/page"}],"author":[{"embeddable":true,"href":"https:\/\/credfast.com.br\/index.php\/wp-json\/wp\/v2\/users\/1"}],"replies":[{"embeddable":true,"href":"https:\/\/credfast.com.br\/index.php\/wp-json\/wp\/v2\/comments?post=2"}],"version-history":[{"count":72,"href":"https:\/\/credfast.com.br\/index.php\/wp-json\/wp\/v2\/pages\/2\/revisions"}],"predecessor-version":[{"id":214,"href":"https:\/\/credfast.com.br\/index.php\/wp-json\/wp\/v2\/pages\/2\/revisions\/214"}],"wp:attachment":[{"href":"https:\/\/credfast.com.br\/index.php\/wp-json\/wp\/v2\/media?parent=2"}],"curies":[{"name":"wp","href":"https:\/\/api.w.org\/{rel}","templated":true}]}}